{"id":5303,"date":"2026-05-11T10:15:41","date_gmt":"2026-05-11T15:15:41","guid":{"rendered":"https:\/\/act4sa.org\/?page_id=5303"},"modified":"2026-05-11T11:49:09","modified_gmt":"2026-05-11T16:49:09","slug":"sapd-budget-dashboard","status":"publish","type":"page","link":"https:\/\/act4sa.org\/es\/sapd-budget-dashboard\/","title":{"rendered":"Cuadro de mando presupuestario del SAPD"},"content":{"rendered":"<div data-elementor-type=\"wp-page\" data-elementor-id=\"5303\" class=\"elementor elementor-5303\" data-elementor-post-type=\"page\">\n\t\t\t\t\t\t<section class=\"elementor-section elementor-top-section elementor-element elementor-element-624d68e8 elementor-section-height-min-height elementor-section-items-stretch elementor-section-full_width elementor-section-height-default\" data-id=\"624d68e8\" data-element_type=\"section\" data-e-type=\"section\" data-settings=\"{&quot;background_background&quot;:&quot;classic&quot;}\">\n\t\t\t\t\t\t<div class=\"elementor-container elementor-column-gap-default\">\n\t\t\t\t\t<div class=\"elementor-column elementor-col-33 elementor-top-column elementor-element elementor-element-2ac32218\" data-id=\"2ac32218\" data-element_type=\"column\" data-e-type=\"column\" data-settings=\"{&quot;background_background&quot;:&quot;classic&quot;}\">\n\t\t\t<div class=\"elementor-widget-wrap elementor-element-populated\">\n\t\t\t\t\t\t<div class=\"elementor-element elementor-element-301c8eb2 elementor-align-start elementor-widget__width-auto elementor-absolute elementor-hidden-phone elementor-icon-list--layout-traditional elementor-list-item-link-full_width elementor-widget elementor-widget-icon-list\" data-id=\"301c8eb2\" data-element_type=\"widget\" data-e-type=\"widget\" data-settings=\"{&quot;_position&quot;:&quot;absolute&quot;}\" data-widget_type=\"icon-list.default\">\n\t\t\t\t<div class=\"elementor-widget-container\">\n\t\t\t\t\t\t\t<ul class=\"elementor-icon-list-items\">\n\t\t\t\t\t\t\t<li class=\"elementor-icon-list-item\">\n\t\t\t\t\t\t\t\t\t\t\t<a href=\"http:\/\/facebook.com\/act4satx\" target=\"_blank\">\n\n\t\t\t\t\t\t\t\t\t\t\t\t<span class=\"elementor-icon-list-icon\">\n\t\t\t\t\t\t\t<i aria-hidden=\"true\" class=\"fab fa-facebook-f\"><\/i>\t\t\t\t\t\t<\/span>\n\t\t\t\t\t\t\t\t\t\t<span class=\"elementor-icon-list-text\"><\/span>\n\t\t\t\t\t\t\t\t\t\t\t<\/a>\n\t\t\t\t\t\t\t\t\t<\/li>\n\t\t\t\t\t\t\t\t<li class=\"elementor-icon-list-item\">\n\t\t\t\t\t\t\t\t\t\t\t<a href=\"http:\/\/twitter.com\/act4satx\" target=\"_blank\">\n\n\t\t\t\t\t\t\t\t\t\t\t\t<span class=\"elementor-icon-list-icon\">\n\t\t\t\t\t\t\t<i aria-hidden=\"true\" class=\"fab fa-twitter\"><\/i>\t\t\t\t\t\t<\/span>\n\t\t\t\t\t\t\t\t\t\t<span class=\"elementor-icon-list-text\"><\/span>\n\t\t\t\t\t\t\t\t\t\t\t<\/a>\n\t\t\t\t\t\t\t\t\t<\/li>\n\t\t\t\t\t\t\t\t<li class=\"elementor-icon-list-item\">\n\t\t\t\t\t\t\t\t\t\t\t<a href=\"http:\/\/instagram.com\/act4satx\" target=\"_blank\">\n\n\t\t\t\t\t\t\t\t\t\t\t\t<span class=\"elementor-icon-list-icon\">\n\t\t\t\t\t\t\t<i aria-hidden=\"true\" class=\"fab fa-instagram\"><\/i>\t\t\t\t\t\t<\/span>\n\t\t\t\t\t\t\t\t\t\t<span class=\"elementor-icon-list-text\"><\/span>\n\t\t\t\t\t\t\t\t\t\t\t<\/a>\n\t\t\t\t\t\t\t\t\t<\/li>\n\t\t\t\t\t\t<\/ul>\n\t\t\t\t\t\t<\/div>\n\t\t\t\t<\/div>\n\t\t\t\t\t<\/div>\n\t\t<\/div>\n\t\t\t\t<div class=\"elementor-column elementor-col-33 elementor-top-column elementor-element elementor-element-98c4b4f\" data-id=\"98c4b4f\" data-element_type=\"column\" data-e-type=\"column\" data-settings=\"{&quot;background_background&quot;:&quot;classic&quot;}\">\n\t\t\t<div class=\"elementor-widget-wrap elementor-element-populated\">\n\t\t\t\t\t\t<div class=\"elementor-element elementor-element-15fb0b1b elementor-widget elementor-widget-heading\" data-id=\"15fb0b1b\" data-element_type=\"widget\" data-e-type=\"widget\" data-widget_type=\"heading.default\">\n\t\t\t\t<div class=\"elementor-widget-container\">\n\t\t\t\t\t<h3 class=\"elementor-heading-title elementor-size-default\">Cuadro de mando presupuestario del SAPD<\/h3>\t\t\t\t<\/div>\n\t\t\t\t<\/div>\n\t\t\t\t<div class=\"elementor-element elementor-element-5a883e2 elementor-widget__width-initial elementor-widget elementor-widget-text-editor\" data-id=\"5a883e2\" data-element_type=\"widget\" data-e-type=\"widget\" data-widget_type=\"text-editor.default\">\n\t\t\t\t<div class=\"elementor-widget-container\">\n\t\t\t\t\t\t\t\t\t<h5><strong>Seguir el rastro del dinero y las tendencias de un gasto anual de 1.000 millones de d\u00f3lares.<\/strong><\/h5>\t\t\t\t\t\t\t\t<\/div>\n\t\t\t\t<\/div>\n\t\t\t\t<div class=\"elementor-element elementor-element-0abe13c elementor-widget__width-initial elementor-widget elementor-widget-text-editor\" data-id=\"0abe13c\" data-element_type=\"widget\" data-e-type=\"widget\" data-widget_type=\"text-editor.default\">\n\t\t\t\t<div class=\"elementor-widget-container\">\n\t\t\t\t\t\t\t\t\t<p>\u00a0<span class=\"components-truncate components-text css-5oxji4 e19lxcc00\" data-wp-c16t=\"true\" data-wp-component=\"Text\">Bienvenido a la p\u00e1gina de destino de nuestro renovado Panel de Presupuesto del SAPD. Las cifras en d\u00f3lares est\u00e1n ajustadas por inflaci\u00f3n y una copia p\u00fablica de nuestros datos de origen est\u00e1 disponible aqu\u00ed. <\/span><\/p>\t\t\t\t\t\t\t\t<\/div>\n\t\t\t\t<\/div>\n\t\t\t\t<div class=\"elementor-element elementor-element-143e70cc elementor-icon-list--layout-inline elementor-mobile-align-start elementor-list-item-link-full_width elementor-widget elementor-widget-global elementor-global-539 elementor-widget-icon-list\" data-id=\"143e70cc\" data-element_type=\"widget\" data-e-type=\"widget\" data-widget_type=\"icon-list.default\">\n\t\t\t\t<div class=\"elementor-widget-container\">\n\t\t\t\t\t\t\t<ul class=\"elementor-icon-list-items elementor-inline-items\">\n\t\t\t\t\t\t\t<li class=\"elementor-icon-list-item elementor-inline-item\">\n\t\t\t\t\t\t\t\t\t\t\t<a href=\"\/es\/category\/statements\/\">\n\n\t\t\t\t\t\t\t\t\t\t\t\t<span class=\"elementor-icon-list-icon\">\n\t\t\t\t\t\t\t<i aria-hidden=\"true\" class=\"far fa-file-alt\"><\/i>\t\t\t\t\t\t<\/span>\n\t\t\t\t\t\t\t\t\t\t<span class=\"elementor-icon-list-text\">Declaraciones<\/span>\n\t\t\t\t\t\t\t\t\t\t\t<\/a>\n\t\t\t\t\t\t\t\t\t<\/li>\n\t\t\t\t\t\t\t\t<li class=\"elementor-icon-list-item elementor-inline-item\">\n\t\t\t\t\t\t\t\t\t\t\t<a href=\"\/es\/category\/news\/\">\n\n\t\t\t\t\t\t\t\t\t\t\t\t<span class=\"elementor-icon-list-icon\">\n\t\t\t\t\t\t\t<i aria-hidden=\"true\" class=\"far fa-newspaper\"><\/i>\t\t\t\t\t\t<\/span>\n\t\t\t\t\t\t\t\t\t\t<span class=\"elementor-icon-list-text\">Noticias<\/span>\n\t\t\t\t\t\t\t\t\t\t\t<\/a>\n\t\t\t\t\t\t\t\t\t<\/li>\n\t\t\t\t\t\t\t\t<li class=\"elementor-icon-list-item elementor-inline-item\">\n\t\t\t\t\t\t\t\t\t\t\t<a href=\"\/es\/category\/actions\/\">\n\n\t\t\t\t\t\t\t\t\t\t\t\t<span class=\"elementor-icon-list-icon\">\n\t\t\t\t\t\t\t<i aria-hidden=\"true\" class=\"fas fa-bullhorn\"><\/i>\t\t\t\t\t\t<\/span>\n\t\t\t\t\t\t\t\t\t\t<span class=\"elementor-icon-list-text\">Acciones<\/span>\n\t\t\t\t\t\t\t\t\t\t\t<\/a>\n\t\t\t\t\t\t\t\t\t<\/li>\n\t\t\t\t\t\t\t\t<li class=\"elementor-icon-list-item elementor-inline-item\">\n\t\t\t\t\t\t\t\t\t\t\t<a href=\"\/es\/category\/jobs\/\">\n\n\t\t\t\t\t\t\t\t\t\t\t\t<span class=\"elementor-icon-list-icon\">\n\t\t\t\t\t\t\t<i aria-hidden=\"true\" class=\"fas fa-child\"><\/i>\t\t\t\t\t\t<\/span>\n\t\t\t\t\t\t\t\t\t\t<span class=\"elementor-icon-list-text\">Empleo<\/span>\n\t\t\t\t\t\t\t\t\t\t\t<\/a>\n\t\t\t\t\t\t\t\t\t<\/li>\n\t\t\t\t\t\t<\/ul>\n\t\t\t\t\t\t<\/div>\n\t\t\t\t<\/div>\n\t\t\t\t\t<\/div>\n\t\t<\/div>\n\t\t\t\t<div class=\"elementor-column elementor-col-33 elementor-top-column elementor-element elementor-element-4ad4df3b elementor-hidden-mobile\" data-id=\"4ad4df3b\" data-element_type=\"column\" data-e-type=\"column\" data-settings=\"{&quot;background_background&quot;:&quot;classic&quot;}\">\n\t\t\t<div class=\"elementor-widget-wrap elementor-element-populated\">\n\t\t\t\t\t\t<div class=\"elementor-element elementor-element-489ddd14 elementor-widget elementor-widget-spacer\" data-id=\"489ddd14\" data-element_type=\"widget\" data-e-type=\"widget\" data-widget_type=\"spacer.default\">\n\t\t\t\t<div class=\"elementor-widget-container\">\n\t\t\t\t\t\t\t<div class=\"elementor-spacer\">\n\t\t\t<div class=\"elementor-spacer-inner\"><\/div>\n\t\t<\/div>\n\t\t\t\t\t\t<\/div>\n\t\t\t\t<\/div>\n\t\t\t\t\t<\/div>\n\t\t<\/div>\n\t\t\t\t\t<\/div>\n\t\t<\/section>\n\t\t\t\t<section class=\"elementor-section elementor-top-section elementor-element elementor-element-480f434 elementor-section-boxed elementor-section-height-default elementor-section-height-default\" data-id=\"480f434\" data-element_type=\"section\" data-e-type=\"section\">\n\t\t\t\t\t\t<div class=\"elementor-container elementor-column-gap-default\">\n\t\t\t\t\t<div class=\"elementor-column elementor-col-100 elementor-top-column elementor-element elementor-element-e0a7558\" data-id=\"e0a7558\" data-element_type=\"column\" data-e-type=\"column\">\n\t\t\t<div class=\"elementor-widget-wrap elementor-element-populated\">\n\t\t\t\t\t\t<div class=\"elementor-element elementor-element-8f00a37 elementor-widget elementor-widget-html\" data-id=\"8f00a37\" data-element_type=\"widget\" data-e-type=\"widget\" data-widget_type=\"html.default\">\n\t\t\t\t<div class=\"elementor-widget-container\">\n\t\t\t\t\t<iframe title=\"Panel de Control del Presupuesto del SAPD nuevo \" width=\"1024\" height=\"1060\" src=\"https:\/\/app.powerbi.com\/view?r=eyJrIjoiMDM3ZDBlM2QtY2U2My00N2MxLTgzZDAtZTQ3NjYyOTE2OTMxIiwidCI6ImQ1ZGNhN2E0LWJmMmQtNDgzNy05NmUwLTI0ZGM2NjBhNmYwNCJ9&pageName=ReportSectiond1099d3ffe40ec4fb09b\" frameborder=\"0\" allowfullscreen=\"true\"><\/iframe>\t\t\t\t<\/div>\n\t\t\t\t<\/div>\n\t\t\t\t\t<\/div>\n\t\t<\/div>\n\t\t\t\t\t<\/div>\n\t\t<\/section>\n\t\t\t\t<\/div>","protected":false},"excerpt":{"rendered":"<p>Bienvenido a la p\u00e1gina de destino de nuestro renovado Panel de Presupuesto del SAPD. Las cifras en d\u00f3lares est\u00e1n ajustadas por inflaci\u00f3n y una copia p\u00fablica de nuestros datos de origen est\u00e1 disponible aqu\u00ed. <\/p>","protected":false},"author":5,"featured_media":165,"parent":0,"menu_order":0,"comment_status":"closed","ping_status":"closed","template":"","meta":{"_monsterinsights_skip_tracking":false,"_monsterinsights_sitenote_active":false,"_monsterinsights_sitenote_note":"","_monsterinsights_sitenote_category":0,"footnotes":"","_links_to":"","_links_to_target":""},"categories":[],"class_list":["post-5303","page","type-page","status-publish","has-post-thumbnail","hentry"],"yoast_head":"<!-- This site is optimized with the Yoast SEO plugin v27.5 - https:\/\/yoast.com\/product\/yoast-seo-wordpress\/ -->\n<title>SAPD Budget Dashboard - ACT4SA<\/title>\n<meta name=\"robots\" content=\"index, follow, max-snippet:-1, max-image-preview:large, max-video-preview:-1\" \/>\n<link rel=\"canonical\" href=\"https:\/\/act4sa.org\/es\/sapd-budget-dashboard\/\" \/>\n<meta property=\"og:locale\" content=\"es_MX\" \/>\n<meta property=\"og:type\" content=\"article\" \/>\n<meta property=\"og:title\" content=\"SAPD Budget Dashboard - ACT4SA\" \/>\n<meta property=\"og:description\" content=\"Welcome to the landing page for our renewed SAPD Budget Dashboard. Dollar figures are adjusted for inflation and a public copy of our source data is available here.\" \/>\n<meta property=\"og:url\" content=\"https:\/\/act4sa.org\/es\/sapd-budget-dashboard\/\" \/>\n<meta property=\"og:site_name\" content=\"ACT4SA\" \/>\n<meta property=\"article:modified_time\" content=\"2026-05-11T16:49:09+00:00\" \/>\n<meta property=\"og:image\" content=\"https:\/\/act4sa.org\/wp-content\/uploads\/2021\/08\/sa-3.jpg\" \/>\n\t<meta property=\"og:image:width\" content=\"1660\" \/>\n\t<meta property=\"og:image:height\" content=\"730\" \/>\n\t<meta property=\"og:image:type\" content=\"image\/jpeg\" \/>\n<meta name=\"twitter:card\" content=\"summary_large_image\" \/>\n<meta name=\"twitter:label1\" content=\"Tiempo de lectura\" \/>\n\t<meta name=\"twitter:data1\" content=\"1 minuto\" \/>\n<script type=\"application\/ld+json\" class=\"yoast-schema-graph\">{\"@context\":\"https:\\\/\\\/schema.org\",\"@graph\":[{\"@type\":\"WebPage\",\"@id\":\"https:\\\/\\\/act4sa.org\\\/sapd-budget-dashboard\\\/\",\"url\":\"https:\\\/\\\/act4sa.org\\\/sapd-budget-dashboard\\\/\",\"name\":\"SAPD Budget Dashboard - ACT4SA\",\"isPartOf\":{\"@id\":\"https:\\\/\\\/act4sa.org\\\/#website\"},\"primaryImageOfPage\":{\"@id\":\"https:\\\/\\\/act4sa.org\\\/sapd-budget-dashboard\\\/#primaryimage\"},\"image\":{\"@id\":\"https:\\\/\\\/act4sa.org\\\/sapd-budget-dashboard\\\/#primaryimage\"},\"thumbnailUrl\":\"https:\\\/\\\/act4sa.org\\\/wp-content\\\/uploads\\\/2021\\\/08\\\/sa-3.jpg\",\"datePublished\":\"2026-05-11T15:15:41+00:00\",\"dateModified\":\"2026-05-11T16:49:09+00:00\",\"breadcrumb\":{\"@id\":\"https:\\\/\\\/act4sa.org\\\/sapd-budget-dashboard\\\/#breadcrumb\"},\"inLanguage\":\"es\",\"potentialAction\":[{\"@type\":\"ReadAction\",\"target\":[\"https:\\\/\\\/act4sa.org\\\/sapd-budget-dashboard\\\/\"]}]},{\"@type\":\"ImageObject\",\"inLanguage\":\"es\",\"@id\":\"https:\\\/\\\/act4sa.org\\\/sapd-budget-dashboard\\\/#primaryimage\",\"url\":\"https:\\\/\\\/act4sa.org\\\/wp-content\\\/uploads\\\/2021\\\/08\\\/sa-3.jpg\",\"contentUrl\":\"https:\\\/\\\/act4sa.org\\\/wp-content\\\/uploads\\\/2021\\\/08\\\/sa-3.jpg\",\"width\":1660,\"height\":730},{\"@type\":\"BreadcrumbList\",\"@id\":\"https:\\\/\\\/act4sa.org\\\/sapd-budget-dashboard\\\/#breadcrumb\",\"itemListElement\":[{\"@type\":\"ListItem\",\"position\":1,\"name\":\"Home\",\"item\":\"https:\\\/\\\/act4sa.org\\\/\"},{\"@type\":\"ListItem\",\"position\":2,\"name\":\"SAPD Budget Dashboard\"}]},{\"@type\":\"WebSite\",\"@id\":\"https:\\\/\\\/act4sa.org\\\/#website\",\"url\":\"https:\\\/\\\/act4sa.org\\\/\",\"name\":\"ACT4SA\",\"description\":\"Accountability. Compassion. Transparency.\",\"publisher\":{\"@id\":\"https:\\\/\\\/act4sa.org\\\/#organization\"},\"potentialAction\":[{\"@type\":\"SearchAction\",\"target\":{\"@type\":\"EntryPoint\",\"urlTemplate\":\"https:\\\/\\\/act4sa.org\\\/?s={search_term_string}\"},\"query-input\":{\"@type\":\"PropertyValueSpecification\",\"valueRequired\":true,\"valueName\":\"search_term_string\"}}],\"inLanguage\":\"es\"},{\"@type\":\"Organization\",\"@id\":\"https:\\\/\\\/act4sa.org\\\/#organization\",\"name\":\"ACT4SA\",\"url\":\"https:\\\/\\\/act4sa.org\\\/\",\"logo\":{\"@type\":\"ImageObject\",\"inLanguage\":\"es\",\"@id\":\"https:\\\/\\\/act4sa.org\\\/#\\\/schema\\\/logo\\\/image\\\/\",\"url\":\"https:\\\/\\\/act4sa.org\\\/wp-content\\\/uploads\\\/2021\\\/08\\\/act4sa_logo_action-fund_reverse.png\",\"contentUrl\":\"https:\\\/\\\/act4sa.org\\\/wp-content\\\/uploads\\\/2021\\\/08\\\/act4sa_logo_action-fund_reverse.png\",\"width\":2043,\"height\":1034,\"caption\":\"ACT4SA\"},\"image\":{\"@id\":\"https:\\\/\\\/act4sa.org\\\/#\\\/schema\\\/logo\\\/image\\\/\"}}]}<\/script>\n<!-- \/ Yoast SEO plugin. -->","yoast_head_json":{"title":"SAPD Budget Dashboard - ACT4SA","robots":{"index":"index","follow":"follow","max-snippet":"max-snippet:-1","max-image-preview":"max-image-preview:large","max-video-preview":"max-video-preview:-1"},"canonical":"https:\/\/act4sa.org\/es\/sapd-budget-dashboard\/","og_locale":"es_MX","og_type":"article","og_title":"SAPD Budget Dashboard - ACT4SA","og_description":"Welcome to the landing page for our renewed SAPD Budget Dashboard. Dollar figures are adjusted for inflation and a public copy of our source data is available here.","og_url":"https:\/\/act4sa.org\/es\/sapd-budget-dashboard\/","og_site_name":"ACT4SA","article_modified_time":"2026-05-11T16:49:09+00:00","og_image":[{"width":1660,"height":730,"url":"https:\/\/act4sa.org\/wp-content\/uploads\/2021\/08\/sa-3.jpg","type":"image\/jpeg"}],"twitter_card":"summary_large_image","twitter_misc":{"Tiempo de lectura":"1 minuto"},"schema":{"@context":"https:\/\/schema.org","@graph":[{"@type":"WebPage","@id":"https:\/\/act4sa.org\/sapd-budget-dashboard\/","url":"https:\/\/act4sa.org\/sapd-budget-dashboard\/","name":"SAPD Budget Dashboard - ACT4SA","isPartOf":{"@id":"https:\/\/act4sa.org\/#website"},"primaryImageOfPage":{"@id":"https:\/\/act4sa.org\/sapd-budget-dashboard\/#primaryimage"},"image":{"@id":"https:\/\/act4sa.org\/sapd-budget-dashboard\/#primaryimage"},"thumbnailUrl":"https:\/\/act4sa.org\/wp-content\/uploads\/2021\/08\/sa-3.jpg","datePublished":"2026-05-11T15:15:41+00:00","dateModified":"2026-05-11T16:49:09+00:00","breadcrumb":{"@id":"https:\/\/act4sa.org\/sapd-budget-dashboard\/#breadcrumb"},"inLanguage":"es","potentialAction":[{"@type":"ReadAction","target":["https:\/\/act4sa.org\/sapd-budget-dashboard\/"]}]},{"@type":"ImageObject","inLanguage":"es","@id":"https:\/\/act4sa.org\/sapd-budget-dashboard\/#primaryimage","url":"https:\/\/act4sa.org\/wp-content\/uploads\/2021\/08\/sa-3.jpg","contentUrl":"https:\/\/act4sa.org\/wp-content\/uploads\/2021\/08\/sa-3.jpg","width":1660,"height":730},{"@type":"BreadcrumbList","@id":"https:\/\/act4sa.org\/sapd-budget-dashboard\/#breadcrumb","itemListElement":[{"@type":"ListItem","position":1,"name":"Home","item":"https:\/\/act4sa.org\/"},{"@type":"ListItem","position":2,"name":"SAPD Budget Dashboard"}]},{"@type":"WebSite","@id":"https:\/\/act4sa.org\/#website","url":"https:\/\/act4sa.org\/","name":"ACT4SA","description":"Responsabilidad. Compasi\u00f3n. Transparencia.","publisher":{"@id":"https:\/\/act4sa.org\/#organization"},"potentialAction":[{"@type":"SearchAction","target":{"@type":"EntryPoint","urlTemplate":"https:\/\/act4sa.org\/?s={search_term_string}"},"query-input":{"@type":"PropertyValueSpecification","valueRequired":true,"valueName":"search_term_string"}}],"inLanguage":"es"},{"@type":"Organization","@id":"https:\/\/act4sa.org\/#organization","name":"ACT4SA","url":"https:\/\/act4sa.org\/","logo":{"@type":"ImageObject","inLanguage":"es","@id":"https:\/\/act4sa.org\/#\/schema\/logo\/image\/","url":"https:\/\/act4sa.org\/wp-content\/uploads\/2021\/08\/act4sa_logo_action-fund_reverse.png","contentUrl":"https:\/\/act4sa.org\/wp-content\/uploads\/2021\/08\/act4sa_logo_action-fund_reverse.png","width":2043,"height":1034,"caption":"ACT4SA"},"image":{"@id":"https:\/\/act4sa.org\/#\/schema\/logo\/image\/"}}]}},"_links":{"self":[{"href":"https:\/\/act4sa.org\/es\/wp-json\/wp\/v2\/pages\/5303","targetHints":{"allow":["GET"]}}],"collection":[{"href":"https:\/\/act4sa.org\/es\/wp-json\/wp\/v2\/pages"}],"about":[{"href":"https:\/\/act4sa.org\/es\/wp-json\/wp\/v2\/types\/page"}],"author":[{"embeddable":true,"href":"https:\/\/act4sa.org\/es\/wp-json\/wp\/v2\/users\/5"}],"replies":[{"embeddable":true,"href":"https:\/\/act4sa.org\/es\/wp-json\/wp\/v2\/comments?post=5303"}],"version-history":[{"count":13,"href":"https:\/\/act4sa.org\/es\/wp-json\/wp\/v2\/pages\/5303\/revisions"}],"predecessor-version":[{"id":5318,"href":"https:\/\/act4sa.org\/es\/wp-json\/wp\/v2\/pages\/5303\/revisions\/5318"}],"wp:featuredmedia":[{"embeddable":true,"href":"https:\/\/act4sa.org\/es\/wp-json\/wp\/v2\/media\/165"}],"wp:attachment":[{"href":"https:\/\/act4sa.org\/es\/wp-json\/wp\/v2\/media?parent=5303"}],"wp:term":[{"taxonomy":"category","embeddable":true,"href":"https:\/\/act4sa.org\/es\/wp-json\/wp\/v2\/categories?post=5303"}],"curies":[{"name":"wp","href":"https:\/\/api.w.org\/{rel}","templated":true}]}}